{"id":68287,"date":"2024-05-15T17:23:02","date_gmt":"2024-05-15T17:23:02","guid":{"rendered":"http:\/\/teammototec.com\/test\/producto\/sprocket-trasero-acero-vortex-paso-525\/"},"modified":"2024-05-27T22:11:19","modified_gmt":"2024-05-27T22:11:19","slug":"sprocket-trasero-acero-vortex-paso-525","status":"publish","type":"product","link":"https:\/\/teammototec.com\/test\/producto\/sprocket-trasero-acero-vortex-paso-525\/","title":{"rendered":"SPROCKET TRASERO ACERO VORTEX 193S-45 PASO 525"},"content":{"rendered":"<p>Con sede en los EE.UU., <strong>Vortex <\/strong>fabrica componentes de alta calidad para competici\u00f3n de motocicletas desde hace m\u00e1s de 10 a\u00f1os. Pose\u00eddo y operado por corredores de motocicletas, Vortex Racing se enfoca en la calidad absoluta. Cada componente para carrera se fabrica con las tolerancias m\u00e1s ajustadas a partir de materiales de la mejor calidad posible para su utilizaci\u00f3n. Probados en las pistas con comentarios directos de los mejores equipos de carreras profesionales de todo el mundo.<\/p>\n<p><span style=\"color: #333333; background: white;\">Ahuecado para reducir el peso<\/span><span style=\"color: #333333;\"><br \/>\n<span style=\"background: white;\">Aleaci\u00f3n de acero al carbono seg\u00fan la especificaci\u00f3n Vortex<\/span><br \/>\n<span style=\"background: white;\">Galvanizado negro satinado<\/span><br \/>\n<span style=\"background: white;\">Dientes endurecidos<\/span><br \/>\n<span style=\"background: white;\">Corte con l\u00e1ser Dise\u00f1o de v\u00f3rtice<\/span><\/span><\/p>\n","protected":false},"excerpt":{"rendered":"<p>Con sede en los EE.UU., Vortex fabrica componentes de alta calidad para competici\u00f3n de motocicletas desde hace m\u00e1s de 10 a\u00f1os. Pose\u00eddo y operado por corredores de motocicletas, Vortex Racing se enfoca en la calidad absoluta. Cada componente para carrera se fabrica con las tolerancias m\u00e1s ajustadas a partir de materiales de la mejor calidad [&hellip;]<\/p>\n","protected":false},"featured_media":84590,"comment_status":"open","ping_status":"closed","template":"","meta":[],"product_cat":[1591],"product_tag":[1579],"class_list":{"0":"post-68287","1":"product","2":"type-product","3":"status-publish","4":"has-post-thumbnail","6":"product_cat-sprocket","7":"product_tag-vortex-ek","8":"pa_ano-929","9":"pa_ano-930","10":"pa_ano-931","11":"pa_ano-895","12":"pa_ano-896","13":"pa_ano-932","14":"pa_ano-933","15":"pa_ano-934","16":"pa_ano-935","17":"pa_ano-942","18":"pa_ano-943","19":"pa_ano-944","20":"pa_ano-945","21":"pa_ano-950","22":"pa_marca-bmw","23":"pa_modelo-s-1000-r","24":"pa_modelo-s-1000-rr","25":"pa_modelo-s-1000-xr","26":"pa_tipo-de-vehiculo-street-motorcycle","28":"first","29":"instock","30":"shipping-taxable","31":"purchasable","32":"product-type-variable"},"_links":{"self":[{"href":"https:\/\/teammototec.com\/test\/wp-json\/wp\/v2\/product\/68287","targetHints":{"allow":["GET"]}}],"collection":[{"href":"https:\/\/teammototec.com\/test\/wp-json\/wp\/v2\/product"}],"about":[{"href":"https:\/\/teammototec.com\/test\/wp-json\/wp\/v2\/types\/product"}],"replies":[{"embeddable":true,"href":"https:\/\/teammototec.com\/test\/wp-json\/wp\/v2\/comments?post=68287"}],"wp:featuredmedia":[{"embeddable":true,"href":"https:\/\/teammototec.com\/test\/wp-json\/wp\/v2\/media\/84590"}],"wp:attachment":[{"href":"https:\/\/teammototec.com\/test\/wp-json\/wp\/v2\/media?parent=68287"}],"wp:term":[{"taxonomy":"product_cat","embeddable":true,"href":"https:\/\/teammototec.com\/test\/wp-json\/wp\/v2\/product_cat?post=68287"},{"taxonomy":"product_tag","embeddable":true,"href":"https:\/\/teammototec.com\/test\/wp-json\/wp\/v2\/product_tag?post=68287"}],"curies":[{"name":"wp","href":"https:\/\/api.w.org\/{rel}","templated":true}]}}