{"id":63943,"date":"2024-05-15T16:40:45","date_gmt":"2024-05-15T16:40:45","guid":{"rendered":"http:\/\/teammototec.com\/test\/producto\/filtro-de-aire-multi-air-5\/"},"modified":"2024-05-23T22:10:06","modified_gmt":"2024-05-23T22:10:06","slug":"filtro-de-aire-multi-air-5","status":"publish","type":"product","link":"https:\/\/teammototec.com\/test\/producto\/filtro-de-aire-multi-air-5\/","title":{"rendered":"FILTRO DE AIRE MULTI AIR 0132"},"content":{"rendered":"<p>Los <strong>filtros de aire Multi Air<\/strong> son los filtros de aire de <strong>repuesto OEM<\/strong> econ\u00f3micos e ideales. Ofrecen un dise\u00f1o innovador y una construcci\u00f3n de alta calidad a un precio asequible. Los filtros Multi Air vienen pre-engrasados y listos para montar.<\/p>\n<p>FUNCIONES:<\/p>\n<ol>\n<li>Espuma de doble etapa<\/li>\n<li>Reemplazo OEM<\/li>\n<li>Pre-engrasado<\/li>\n<\/ol>\n<p>Hechos en <strong>B\u00e9lgica<\/strong>, los <strong>Filtros de aire Multi Air<\/strong> est\u00e1n dise\u00f1ados para incrementar el <strong>flujo de aire<\/strong> al tiempo que garantizan el m\u00e1ximo nivel de protecci\u00f3n en contra de la suciedad y el polvo utilizando espuma de 2 capas.<\/p>\n<p>La capa exterior atrapa grandes part\u00edculas de suciedad y mugre, mientras que la capa interior remueve las part\u00edculas m\u00e1s finas.<\/p>\n<p>Manufacturados con los materiales de la m\u00e1s alta calidad para ofrecer el m\u00e1s alto desempe\u00f1o y la m\u00e1xima protecci\u00f3n.<\/p>\n","protected":false},"excerpt":{"rendered":"<p>Los filtros de aire Multi Air son los filtros de aire de repuesto OEM econ\u00f3micos e ideales. Ofrecen un dise\u00f1o innovador y una construcci\u00f3n de alta calidad a un precio asequible. Los filtros Multi Air vienen pre-engrasados y listos para montar. FUNCIONES: Espuma de doble etapa Reemplazo OEM Pre-engrasado Hechos en B\u00e9lgica, los Filtros de [&hellip;]<\/p>\n","protected":false},"featured_media":84328,"comment_status":"open","ping_status":"closed","template":"","meta":[],"product_cat":[863],"product_tag":[1573],"class_list":{"0":"post-63943","1":"product","2":"type-product","3":"status-publish","4":"has-post-thumbnail","6":"product_cat-filtro-de-aire","7":"product_tag-multi-air","8":"pa_ano-896","9":"pa_ano-932","10":"pa_ano-933","11":"pa_ano-934","12":"pa_ano-935","13":"pa_marca-honda","14":"pa_modelo-crf-250-r","15":"pa_modelo-crf-450-r","16":"pa_tipo-de-vehiculo-dirt-bike","18":"first","19":"instock","20":"shipping-taxable","21":"purchasable","22":"product-type-variable"},"_links":{"self":[{"href":"https:\/\/teammototec.com\/test\/wp-json\/wp\/v2\/product\/63943","targetHints":{"allow":["GET"]}}],"collection":[{"href":"https:\/\/teammototec.com\/test\/wp-json\/wp\/v2\/product"}],"about":[{"href":"https:\/\/teammototec.com\/test\/wp-json\/wp\/v2\/types\/product"}],"replies":[{"embeddable":true,"href":"https:\/\/teammototec.com\/test\/wp-json\/wp\/v2\/comments?post=63943"}],"wp:featuredmedia":[{"embeddable":true,"href":"https:\/\/teammototec.com\/test\/wp-json\/wp\/v2\/media\/84328"}],"wp:attachment":[{"href":"https:\/\/teammototec.com\/test\/wp-json\/wp\/v2\/media?parent=63943"}],"wp:term":[{"taxonomy":"product_cat","embeddable":true,"href":"https:\/\/teammototec.com\/test\/wp-json\/wp\/v2\/product_cat?post=63943"},{"taxonomy":"product_tag","embeddable":true,"href":"https:\/\/teammototec.com\/test\/wp-json\/wp\/v2\/product_tag?post=63943"}],"curies":[{"name":"wp","href":"https:\/\/api.w.org\/{rel}","templated":true}]}}