{"id":222424,"date":"2025-06-10T19:43:00","date_gmt":"2025-06-10T19:43:00","guid":{"rendered":"http:\/\/teammototec.com\/test\/producto\/anillo-de-piston-namura-nx-70021r\/"},"modified":"2025-06-10T19:43:40","modified_gmt":"2025-06-10T19:43:40","slug":"anillo-de-piston-namura-nx-70021r","status":"publish","type":"product","link":"https:\/\/teammototec.com\/test\/producto\/anillo-de-piston-namura-nx-70021r\/","title":{"rendered":"ANILLO DE PIST\u00d3N NAMURA NX-70021R"},"content":{"rendered":"<p>Aunque a menudo se pasan por alto y resultan poco llamativos, son una parte esencial del rendimiento del pist\u00f3n, la eficacia del motor y su durabilidad. Los materiales utilizados en la fabricaci\u00f3n de segmentos de pist\u00f3n son uno de los factores m\u00e1s cr\u00edticos en su rendimiento. Los segmentos Namura est\u00e1n dise\u00f1ados espec\u00edficamente para su aplicaci\u00f3n. El tipo de camisa del cilindro, el revestimiento de la camisa, el tama\u00f1o del motor y la carrera (2 \u00f3 4) influyen a la hora de determinar la composici\u00f3n m\u00e1s adecuada para el entorno de funcionamiento. Aunque puede variar seg\u00fan el modelo, a continuaci\u00f3n, se describen algunas de las caracter\u00edsticas clave:<\/p>\n<p>Anillos de compresi\u00f3n<br \/>\nCompuestos de una aleaci\u00f3n de hierro fundido altamente d\u00factil o de acero inoxidable; ambos materiales poseen una excelente resistencia al desgaste y proporcionan un cierre herm\u00e9tico. Tambi\u00e9n se utilizan revestimientos de cromo, fosfato y nitruro para satisfacer las exigencias de la aplicaci\u00f3n.<\/p>\n<p>Anillos de aceite<br \/>\nLos anillos de aceite constan de tres componentes separados. Dos rascadores fabricados en hierro fundido altamente d\u00factil o en una aleaci\u00f3n de acero inoxidable y tambi\u00e9n tienen un revestimiento de cromo, nitruro o fosfato. El \u00fanico anillo de expansi\u00f3n est\u00e1 fabricado en acero inoxidable.<\/p>\n","protected":false},"excerpt":{"rendered":"<p>Aunque a menudo se pasan por alto y resultan poco llamativos, son una parte esencial del rendimiento del pist\u00f3n, la eficacia del motor y su durabilidad. Los materiales utilizados en la fabricaci\u00f3n de segmentos de pist\u00f3n son uno de los factores m\u00e1s cr\u00edticos en su rendimiento. Los segmentos Namura est\u00e1n dise\u00f1ados espec\u00edficamente para su aplicaci\u00f3n. [&hellip;]<\/p>\n","protected":false},"featured_media":222423,"comment_status":"open","ping_status":"closed","template":"","meta":[],"product_cat":[838],"product_tag":[1575],"class_list":{"0":"post-222424","1":"product","2":"type-product","3":"status-publish","4":"has-post-thumbnail","6":"product_cat-anillos-de-piston","7":"product_tag-namura","8":"pa_ano-918","9":"pa_ano-919","10":"pa_ano-920","11":"pa_ano-921","12":"pa_ano-922","13":"pa_ano-923","14":"pa_ano-924","15":"pa_ano-925","16":"pa_ano-926","17":"pa_ano-927","18":"pa_ano-928","19":"pa_ano-929","20":"pa_ano-930","21":"pa_ano-931","22":"pa_ano-895","23":"pa_ano-896","24":"pa_ano-932","25":"pa_ano-933","26":"pa_ano-934","27":"pa_marca-ktm","28":"pa_modelo-exc-200","29":"pa_modelo-xc-w-200","30":"pa_tipo-de-vehiculo-dirt-bike","32":"first","33":"instock","34":"shipping-taxable","35":"purchasable","36":"product-type-variable"},"_links":{"self":[{"href":"https:\/\/teammototec.com\/test\/wp-json\/wp\/v2\/product\/222424","targetHints":{"allow":["GET"]}}],"collection":[{"href":"https:\/\/teammototec.com\/test\/wp-json\/wp\/v2\/product"}],"about":[{"href":"https:\/\/teammototec.com\/test\/wp-json\/wp\/v2\/types\/product"}],"replies":[{"embeddable":true,"href":"https:\/\/teammototec.com\/test\/wp-json\/wp\/v2\/comments?post=222424"}],"wp:featuredmedia":[{"embeddable":true,"href":"https:\/\/teammototec.com\/test\/wp-json\/wp\/v2\/media\/222423"}],"wp:attachment":[{"href":"https:\/\/teammototec.com\/test\/wp-json\/wp\/v2\/media?parent=222424"}],"wp:term":[{"taxonomy":"product_cat","embeddable":true,"href":"https:\/\/teammototec.com\/test\/wp-json\/wp\/v2\/product_cat?post=222424"},{"taxonomy":"product_tag","embeddable":true,"href":"https:\/\/teammototec.com\/test\/wp-json\/wp\/v2\/product_tag?post=222424"}],"curies":[{"name":"wp","href":"https:\/\/api.w.org\/{rel}","templated":true}]}}