{"id":220478,"date":"2025-06-05T19:03:30","date_gmt":"2025-06-05T19:03:30","guid":{"rendered":"http:\/\/teammototec.com\/test\/?post_type=product&#038;p=220478"},"modified":"2025-06-05T19:04:14","modified_gmt":"2025-06-05T19:04:14","slug":"kit-de-piston-namura-nx-40008-4-47-97mm","status":"publish","type":"product","link":"https:\/\/teammototec.com\/test\/producto\/kit-de-piston-namura-nx-40008-4-47-97mm\/","title":{"rendered":"KIT DE PIST\u00d3N NAMURA NX-40008-4 (47.97mm)"},"content":{"rendered":"<p>COMPRESSION 6.6:1<br \/>\nDUAL RING<br \/>\nOversize: +1 mm<\/p>\n<p>\u00bfPor qu\u00e9 sustituir el cilindro cuando puede sustituir el pist\u00f3n por una fracci\u00f3n del coste y del tiempo? Namura ofrece recambios directos para el equipo original, as\u00ed como alta compresi\u00f3n y una variedad de sobremedidas para satisfacer las necesidades de su veh\u00edculo. Est\u00e1n disponibles en incrementos de 0,25 mm, desde -1 (0,25 mm) hasta -8 (2 mm). Tambi\u00e9n disponemos de sobremedidas B (0,01 mm) y C (0,02 mm) que ayudan a prolongar la vida de sus costosos cilindros revestidos; para algunas aplicaciones hay disponible una selecci\u00f3n de kits de pistones de gran di\u00e1metro. Combinando esto con el recubrimiento MOS2 y el anodizado duro, Namura le ofrece un pist\u00f3n de mayor rendimiento sin el precio m\u00e1s elevado.<br \/>\nLos kits de pist\u00f3n Namura vienen con el pist\u00f3n envuelto individualmente; un juego de anillos de calidad OEM empaquetados en su propia caja, perno y seguros.<\/p>\n<p>Faldones recubiertos de MOS2 (Tefl\u00f3n\/Molibdeno)<br \/>\nUn proceso de aplicaci\u00f3n con rodillo proporciona una uni\u00f3n 10 veces m\u00e1s fuerte que otros recubrimientos en spray. Los beneficios incluyen una mayor transferencia de calor, reducci\u00f3n de la fricci\u00f3n y ayuda a eliminar los agarrotamientos por fr\u00edo.<\/p>\n<p>Cabezas lisas mecanizadas<br \/>\nRefleja el calor de la combusti\u00f3n y reduce la acumulaci\u00f3n de carbonilla, protegiendo la parte superior del pist\u00f3n. Algunas pruebas han demostrado que esta caracter\u00edstica puede aumentar la potencia y el ahorro de combustible hasta un 6%.<\/p>\n<p>C\u00fapulas anodizadas<br \/>\nAumenta la resistencia al calor y la durabilidad; los pistones con c\u00fapulas anodizadas son un 75% m\u00e1s resistentes que los pistones no anodizados.<\/p>\n<p>Proceso de fundici\u00f3n hipereut\u00e9ctica<br \/>\nProporciona un mayor contenido de silicio para reducir los \u00edndices de expansi\u00f3n y aumentar la resistencia al desgaste; tambi\u00e9n tiene capacidad para soportar temperaturas m\u00e1s elevadas en los cilindros.<\/p>\n","protected":false},"excerpt":{"rendered":"<p>COMPRESSION 6.6:1 DUAL RING Oversize: +1 mm \u00bfPor qu\u00e9 sustituir el cilindro cuando puede sustituir el pist\u00f3n por una fracci\u00f3n del coste y del tiempo? Namura ofrece recambios directos para el equipo original, as\u00ed como alta compresi\u00f3n y una variedad de sobremedidas para satisfacer las necesidades de su veh\u00edculo. Est\u00e1n disponibles en incrementos de 0,25 [&hellip;]<\/p>\n","protected":false},"featured_media":220452,"comment_status":"open","ping_status":"closed","template":"","meta":[],"product_cat":[837],"product_tag":[1575],"class_list":{"0":"post-220478","1":"product","2":"type-product","3":"status-publish","4":"has-post-thumbnail","6":"product_cat-kit-de-piston","7":"product_tag-namura","8":"pa_ano-1183","9":"pa_ano-888","10":"pa_ano-905","11":"pa_ano-906","12":"pa_ano-907","13":"pa_ano-908","14":"pa_ano-909","15":"pa_ano-910","16":"pa_ano-911","17":"pa_ano-912","18":"pa_ano-913","19":"pa_ano-914","20":"pa_ano-915","21":"pa_ano-916","22":"pa_ano-917","23":"pa_ano-918","24":"pa_ano-919","25":"pa_ano-920","26":"pa_ano-921","27":"pa_ano-922","28":"pa_ano-923","29":"pa_ano-924","30":"pa_ano-925","31":"pa_ano-926","32":"pa_marca-yamaha","33":"pa_modelo-pw-80","34":"pa_tipo-de-vehiculo-dirt-bike","36":"first","37":"instock","38":"shipping-taxable","39":"purchasable","40":"product-type-variable"},"_links":{"self":[{"href":"https:\/\/teammototec.com\/test\/wp-json\/wp\/v2\/product\/220478","targetHints":{"allow":["GET"]}}],"collection":[{"href":"https:\/\/teammototec.com\/test\/wp-json\/wp\/v2\/product"}],"about":[{"href":"https:\/\/teammototec.com\/test\/wp-json\/wp\/v2\/types\/product"}],"replies":[{"embeddable":true,"href":"https:\/\/teammototec.com\/test\/wp-json\/wp\/v2\/comments?post=220478"}],"wp:featuredmedia":[{"embeddable":true,"href":"https:\/\/teammototec.com\/test\/wp-json\/wp\/v2\/media\/220452"}],"wp:attachment":[{"href":"https:\/\/teammototec.com\/test\/wp-json\/wp\/v2\/media?parent=220478"}],"wp:term":[{"taxonomy":"product_cat","embeddable":true,"href":"https:\/\/teammototec.com\/test\/wp-json\/wp\/v2\/product_cat?post=220478"},{"taxonomy":"product_tag","embeddable":true,"href":"https:\/\/teammototec.com\/test\/wp-json\/wp\/v2\/product_tag?post=220478"}],"curies":[{"name":"wp","href":"https:\/\/api.w.org\/{rel}","templated":true}]}}