{"id":218498,"date":"2025-06-02T17:10:04","date_gmt":"2025-06-02T17:10:04","guid":{"rendered":"http:\/\/teammototec.com\/test\/producto\/kit-de-empaques-completos-namura-nx-20011f\/"},"modified":"2025-06-02T17:10:44","modified_gmt":"2025-06-02T17:10:44","slug":"kit-de-empaques-completos-namura-nx-20011f","status":"publish","type":"product","link":"https:\/\/teammototec.com\/test\/producto\/kit-de-empaques-completos-namura-nx-20011f\/","title":{"rendered":"KIT DE EMPAQUES COMPLETOS NAMURA NX-20011F"},"content":{"rendered":"<p>Los materiales de calidad se traducen en una mayor longevidad y un rendimiento continuo. A menudo se presta poca atenci\u00f3n a las juntas, un aspecto cr\u00edtico de cualquier reconstrucci\u00f3n. Sin embargo, los materiales adecuados pueden marcar la diferencia.<br \/>\nNosotros nos encargamos de pensar, para que usted no tenga que hacerlo. Nuestras juntas se fabrican con materiales elegidos espec\u00edficamente para cada aplicaci\u00f3n. Desde juegos de Top End hasta kits completos para un desmontaje completo, puede estar seguro de que las juntas Namura est\u00e1n a la altura de la tarea que tiene entre manos.<br \/>\nLas juntas Namura se fabrican seg\u00fan las especificaciones de los equipos originales, lo que significa que no hay problemas de recorte o ajuste. Nuestros materiales se seleccionan expl\u00edcitamente por sus cualidades de resistencia a la temperatura, al aceite, al combustible y a los refrigerantes, y se prueban seg\u00fan las normas ASTM. Cada dise\u00f1o se eval\u00faa en funci\u00f3n de estrictas normas de control de calidad para garantizar que cada juego cumpla o supere las prestaciones de los equipos originales. Hay disponibles juntas de embrague para determinadas aplicaciones.<\/p>\n<p>Material de las juntas AF<br \/>\nCompuestas de materiales de fibra de celulosa aglomerada con nitrilo butadieno sin amianto; se utilizan habitualmente en aplicaciones de tapa de embrague, bomba de aceite y refrigerante. Los componentes mantienen su resistencia a la tracci\u00f3n y retenci\u00f3n de par en condiciones de funcionamiento de m\u00e1s de 300\u00baF.<\/p>\n<p>Juntas de acero y MLS (acero multicapa)<br \/>\nNinguna otra junta es m\u00e1s importante que la junta de cabeza. La junta entre el cilindro y la cabeza est\u00e1 expuesta a m\u00e1s calor y presiones extremas que cualquier otra parte del motor. Para hacer frente a estas condiciones extremas, ofrecemos una de las juntas de cabeza m\u00e1s avanzadas del mercado. Construidas a partir de m\u00faltiples capas de acero inoxidable para resistir la corrosi\u00f3n y los productos qu\u00edmicos erosivos que se encuentran com\u00fanmente en su motor, a continuaci\u00f3n, utilizando un patr\u00f3n de encendido y apagado, nuestras juntas MLS est\u00e1n recubiertas\/estampadas con un caucho a base de fluoroelast\u00f3mero para sellar herm\u00e9ticamente las superficies met\u00e1licas de contacto. De este modo, pueden soportar las fuerzas de corte creadas por las dos superficies (cabeza y cilindro). Este revestimiento tambi\u00e9n mejora la uni\u00f3n entre el material de la junta y las superficies imperfectas que suelen encontrarse al reconstruir el motor.<\/p>\n<p>Juntas y O-rings<br \/>\nNBR, Fluoroviton y Silicona se seleccionan para cada aplicaci\u00f3n en funci\u00f3n de las siguientes caracter\u00edsticas: Resistencia a la temperatura, resistencia a la abrasi\u00f3n, resistencia qu\u00edmica y su punto de anilina. En algunas aplicaciones se aplica un revestimiento de tefl\u00f3n para prolongar la vida \u00fatil de las juntas.<\/p>\n","protected":false},"excerpt":{"rendered":"<p>Los materiales de calidad se traducen en una mayor longevidad y un rendimiento continuo. A menudo se presta poca atenci\u00f3n a las juntas, un aspecto cr\u00edtico de cualquier reconstrucci\u00f3n. Sin embargo, los materiales adecuados pueden marcar la diferencia. Nosotros nos encargamos de pensar, para que usted no tenga que hacerlo. Nuestras juntas se fabrican con [&hellip;]<\/p>\n","protected":false},"featured_media":218497,"comment_status":"open","ping_status":"closed","template":"","meta":[],"product_cat":[839],"product_tag":[1575],"class_list":{"0":"post-218498","1":"product","2":"type-product","3":"status-publish","4":"has-post-thumbnail","6":"product_cat-empaques-de-motor","7":"product_tag-namura","8":"pa_ano-922","9":"pa_ano-923","10":"pa_ano-924","11":"pa_ano-925","12":"pa_ano-926","13":"pa_ano-927","14":"pa_ano-928","15":"pa_ano-929","16":"pa_ano-930","17":"pa_ano-931","18":"pa_ano-895","19":"pa_ano-896","20":"pa_ano-932","21":"pa_ano-933","22":"pa_ano-934","23":"pa_ano-935","24":"pa_ano-942","25":"pa_ano-943","26":"pa_ano-944","27":"pa_ano-945","28":"pa_ano-950","29":"pa_ano-951","30":"pa_ano-952","31":"pa_marca-kawasaki","32":"pa_marca-suzuki","33":"pa_modelo-drz-110","34":"pa_modelo-klx-110","35":"pa_tipo-de-vehiculo-dirt-bike","37":"first","38":"instock","39":"shipping-taxable","40":"purchasable","41":"product-type-variable"},"_links":{"self":[{"href":"https:\/\/teammototec.com\/test\/wp-json\/wp\/v2\/product\/218498","targetHints":{"allow":["GET"]}}],"collection":[{"href":"https:\/\/teammototec.com\/test\/wp-json\/wp\/v2\/product"}],"about":[{"href":"https:\/\/teammototec.com\/test\/wp-json\/wp\/v2\/types\/product"}],"replies":[{"embeddable":true,"href":"https:\/\/teammototec.com\/test\/wp-json\/wp\/v2\/comments?post=218498"}],"wp:featuredmedia":[{"embeddable":true,"href":"https:\/\/teammototec.com\/test\/wp-json\/wp\/v2\/media\/218497"}],"wp:attachment":[{"href":"https:\/\/teammototec.com\/test\/wp-json\/wp\/v2\/media?parent=218498"}],"wp:term":[{"taxonomy":"product_cat","embeddable":true,"href":"https:\/\/teammototec.com\/test\/wp-json\/wp\/v2\/product_cat?post=218498"},{"taxonomy":"product_tag","embeddable":true,"href":"https:\/\/teammototec.com\/test\/wp-json\/wp\/v2\/product_tag?post=218498"}],"curies":[{"name":"wp","href":"https:\/\/api.w.org\/{rel}","templated":true}]}}