{"id":194799,"date":"2025-04-04T18:43:03","date_gmt":"2025-04-04T18:43:03","guid":{"rendered":"http:\/\/teammototec.com\/test\/producto\/biela-hot-rods-8121\/"},"modified":"2025-04-04T18:46:53","modified_gmt":"2025-04-04T18:46:53","slug":"biela-hot-rods-8121","status":"publish","type":"product","link":"https:\/\/teammototec.com\/test\/producto\/biela-hot-rods-8121\/","title":{"rendered":"BIELA HOT RODS 8121"},"content":{"rendered":"<p>Connecting Rod Big End I.D. 29mm<br \/>\nConnecting Rod Big End Width 16.980mm<br \/>\nConnecting Rod Center-to-Center 110mm<br \/>\nConnecting Rod Small End I.D. 21mm<br \/>\nConnecting Rod Small End Width 17.980mm<br \/>\nEngine Type 4-Cycle<br \/>\nIncludes Connecting Rod, Crank Pin, Crank Pin Bearing and Thrust Washers<br \/>\nPin Length 52.700mm<br \/>\nWasher THK 1mm<\/p>\n<p>Con casi dos d\u00e9cadas de experiencia, Hot Rods continuamente se encuentra mejorando sus dise\u00f1os y expandiendo su l\u00ednea de aplicaciones. Todas nuestras bielas son creadas de acero con dureza de 8620, adicionalmente se someten a un proceso especial de forja el cual mejora el flujo de grano, as\u00ed como la consistencia dimensional, lo que significa una biela de fuerza intransigente. Est\u00e1n forjadas y maquinadas a partir de cromo n\u00edquel 8620 endurecido con molibdeno para aplicaciones de alta presi\u00f3n y temperatura. Los orificios de los rodamientos est\u00e1n endurecidos y pulidos para obtener la m\u00e1xima precisi\u00f3n hasta la micra. Las bielas vienen con cojinetes, pasadores de manivela y arandelas de empuje avanzados y duraderos. \u00daselo para reconstruir tanto los cig\u00fce\u00f1ales hot rods como los de equipo original (OEM).<\/p>\n","protected":false},"excerpt":{"rendered":"<p>Connecting Rod Big End I.D. 29mm Connecting Rod Big End Width 16.980mm Connecting Rod Center-to-Center 110mm Connecting Rod Small End I.D. 21mm Connecting Rod Small End Width 17.980mm Engine Type 4-Cycle Includes Connecting Rod, Crank Pin, Crank Pin Bearing and Thrust Washers Pin Length 52.700mm Washer THK 1mm Con casi dos d\u00e9cadas de experiencia, Hot [&hellip;]<\/p>\n","protected":false},"featured_media":194798,"comment_status":"open","ping_status":"closed","template":"","meta":[],"product_cat":[840],"product_tag":[1571],"class_list":{"0":"post-194799","1":"product","2":"type-product","3":"status-publish","4":"has-post-thumbnail","6":"product_cat-bielas","7":"product_tag-hot-rods","8":"pa_ano-907","9":"pa_ano-908","10":"pa_ano-909","11":"pa_ano-910","12":"pa_ano-911","13":"pa_ano-912","14":"pa_ano-913","15":"pa_ano-914","16":"pa_ano-915","17":"pa_ano-916","18":"pa_ano-917","19":"pa_ano-918","20":"pa_ano-919","21":"pa_ano-920","22":"pa_ano-921","23":"pa_ano-922","24":"pa_ano-923","25":"pa_ano-924","26":"pa_ano-925","27":"pa_ano-926","28":"pa_marca-yamaha","29":"pa_modelo-yfz-350-banshee","30":"pa_tipo-de-vehiculo-atv","32":"first","33":"instock","34":"shipping-taxable","35":"purchasable","36":"product-type-variable"},"_links":{"self":[{"href":"https:\/\/teammototec.com\/test\/wp-json\/wp\/v2\/product\/194799","targetHints":{"allow":["GET"]}}],"collection":[{"href":"https:\/\/teammototec.com\/test\/wp-json\/wp\/v2\/product"}],"about":[{"href":"https:\/\/teammototec.com\/test\/wp-json\/wp\/v2\/types\/product"}],"replies":[{"embeddable":true,"href":"https:\/\/teammototec.com\/test\/wp-json\/wp\/v2\/comments?post=194799"}],"wp:featuredmedia":[{"embeddable":true,"href":"https:\/\/teammototec.com\/test\/wp-json\/wp\/v2\/media\/194798"}],"wp:attachment":[{"href":"https:\/\/teammototec.com\/test\/wp-json\/wp\/v2\/media?parent=194799"}],"wp:term":[{"taxonomy":"product_cat","embeddable":true,"href":"https:\/\/teammototec.com\/test\/wp-json\/wp\/v2\/product_cat?post=194799"},{"taxonomy":"product_tag","embeddable":true,"href":"https:\/\/teammototec.com\/test\/wp-json\/wp\/v2\/product_tag?post=194799"}],"curies":[{"name":"wp","href":"https:\/\/api.w.org\/{rel}","templated":true}]}}