{"id":175451,"date":"2025-02-17T18:38:20","date_gmt":"2025-02-17T18:38:20","guid":{"rendered":"http:\/\/teammototec.com\/test\/producto\/kit-de-retenes-de-suspension-all-balls-55-104\/"},"modified":"2025-02-17T18:57:01","modified_gmt":"2025-02-17T18:57:01","slug":"kit-de-retenes-de-suspension-all-balls-55-104","status":"publish","type":"product","link":"https:\/\/teammototec.com\/test\/producto\/kit-de-retenes-de-suspension-all-balls-55-104\/","title":{"rendered":"KIT DE RETENES DE SUSPENSI\u00d3N ALL BALLS 55-104"},"content":{"rendered":"<p>31 x 43 x 10 mm<\/p>\n<p>El ret\u00e9n de horquilla patentado presenta un dise\u00f1o equilibrado de 3 labios que distribuye uniformemente la presi\u00f3n reduciendo la temperatura de funcionamiento, el desgaste y la fricci\u00f3n.<br \/>\nLos retenes de horquilla de elast\u00f3mero personalizados han sido probados para durar m\u00e1s que los retenes de horquilla O.E.M.<br \/>\nProlonga la vida \u00fatil de la junta de 3 a 5 veces con respecto a las juntas originales.<br \/>\nLa fricci\u00f3n es entre 1\/3 y 1\/2 menor que la de los retenes originales, lo que suaviza el funcionamiento de la horquilla.<\/p>\n","protected":false},"excerpt":{"rendered":"<p>31 x 43 x 10 mm El ret\u00e9n de horquilla patentado presenta un dise\u00f1o equilibrado de 3 labios que distribuye uniformemente la presi\u00f3n reduciendo la temperatura de funcionamiento, el desgaste y la fricci\u00f3n. Los retenes de horquilla de elast\u00f3mero personalizados han sido probados para durar m\u00e1s que los retenes de horquilla O.E.M. Prolonga la vida [&hellip;]<\/p>\n","protected":false},"featured_media":175450,"comment_status":"open","ping_status":"closed","template":"","meta":[],"product_cat":[854],"product_tag":[1565],"class_list":{"0":"post-175451","1":"product","2":"type-product","3":"status-publish","4":"has-post-thumbnail","6":"product_cat-componentes-de-suspension","7":"product_tag-all-balls","8":"pa_ano-1235","9":"pa_ano-1236","10":"pa_ano-1185","11":"pa_ano-911","12":"pa_ano-912","13":"pa_ano-913","14":"pa_ano-914","15":"pa_ano-915","16":"pa_ano-916","17":"pa_ano-917","18":"pa_ano-918","19":"pa_ano-919","20":"pa_ano-920","21":"pa_ano-921","22":"pa_ano-922","23":"pa_ano-923","24":"pa_ano-924","25":"pa_ano-925","26":"pa_ano-926","27":"pa_ano-927","28":"pa_ano-928","29":"pa_ano-929","30":"pa_ano-930","31":"pa_ano-931","32":"pa_ano-895","33":"pa_ano-896","34":"pa_ano-932","35":"pa_ano-933","36":"pa_ano-934","37":"pa_ano-935","38":"pa_ano-942","39":"pa_ano-943","40":"pa_ano-944","41":"pa_ano-945","42":"pa_ano-950","43":"pa_marca-honda","44":"pa_marca-kawasaki","45":"pa_marca-yamaha","46":"pa_modelo-cb-250-nighthawk","47":"pa_modelo-cbr-125","48":"pa_modelo-crf-110-f","49":"pa_modelo-crf-125-f","50":"pa_modelo-crf-125-fb","51":"pa_modelo-grom-navy-125","52":"pa_modelo-grom-navy-125-abs","53":"pa_modelo-kx-125","54":"pa_modelo-pcx-150","55":"pa_modelo-tt-r-110-e","56":"pa_modelo-tt-r-125","57":"pa_modelo-z-125-m-abs-monkey","58":"pa_tipo-de-vehiculo-dirt-bike","59":"pa_tipo-de-vehiculo-street-motorcycle","61":"first","62":"instock","63":"shipping-taxable","64":"purchasable","65":"product-type-variable"},"_links":{"self":[{"href":"https:\/\/teammototec.com\/test\/wp-json\/wp\/v2\/product\/175451","targetHints":{"allow":["GET"]}}],"collection":[{"href":"https:\/\/teammototec.com\/test\/wp-json\/wp\/v2\/product"}],"about":[{"href":"https:\/\/teammototec.com\/test\/wp-json\/wp\/v2\/types\/product"}],"replies":[{"embeddable":true,"href":"https:\/\/teammototec.com\/test\/wp-json\/wp\/v2\/comments?post=175451"}],"wp:featuredmedia":[{"embeddable":true,"href":"https:\/\/teammototec.com\/test\/wp-json\/wp\/v2\/media\/175450"}],"wp:attachment":[{"href":"https:\/\/teammototec.com\/test\/wp-json\/wp\/v2\/media?parent=175451"}],"wp:term":[{"taxonomy":"product_cat","embeddable":true,"href":"https:\/\/teammototec.com\/test\/wp-json\/wp\/v2\/product_cat?post=175451"},{"taxonomy":"product_tag","embeddable":true,"href":"https:\/\/teammototec.com\/test\/wp-json\/wp\/v2\/product_tag?post=175451"}],"curies":[{"name":"wp","href":"https:\/\/api.w.org\/{rel}","templated":true}]}}