{"id":141646,"date":"2024-12-27T22:11:38","date_gmt":"2024-12-27T22:11:38","guid":{"rendered":"http:\/\/teammototec.com\/test\/producto\/banda-de-traccion-all-balls-25-9016\/"},"modified":"2024-12-27T23:29:06","modified_gmt":"2024-12-27T23:29:06","slug":"banda-de-traccion-all-balls-25-9016","status":"publish","type":"product","link":"https:\/\/teammototec.com\/test\/producto\/banda-de-traccion-all-balls-25-9016\/","title":{"rendered":"BANDA DE TRACCI\u00d3N ALL BALLS 25-9016"},"content":{"rendered":"<p>Desarrollado, dise\u00f1ado y fabricado para aumentar el agarre y reducir la acumulaci\u00f3n de calor. Funcionando hasta 20 grados m\u00e1s fr\u00edas, nuestras bandas duran m\u00e1s que las bandas OEM. La construcci\u00f3n de compuesto de caucho de alta resistencia y el dise\u00f1o c\u00f3nico de corte proporcionan un borde m\u00e1s consistente y una vida \u00fatil m\u00e1s larga de la banda.<br \/>\nCaracter\u00edsticas y ventajas:<br \/>\n1. Dise\u00f1ado para funcionar hasta 20 grados m\u00e1s fr\u00edo; Probado en pruebas comparativas de lavado<br \/>\n2. Dise\u00f1ado con engranajes m\u00e1s profundos y mayor flexibilidad, lo que reduce la rigidez y aumenta la refrigeraci\u00f3n<br \/>\n3. Fabricado en Jap\u00f3n con componentes de caucho de alta gama que reducen la acumulaci\u00f3n de calor y reducen las fallas<br \/>\n4. Compuesto de caucho construido con cordones y fibras de aramida de alta resistencia para aumentar el agarre<br \/>\n5. El proceso de fabricaci\u00f3n de Cut Taper crea un borde m\u00e1s consistente con menos fibras de cord\u00f3n sueltas en comparaci\u00f3n con Ground Taper<br \/>\n6. El rendimiento de las correas iguala y supera al OEM<\/p>\n","protected":false},"excerpt":{"rendered":"<p>Desarrollado, dise\u00f1ado y fabricado para aumentar el agarre y reducir la acumulaci\u00f3n de calor. Funcionando hasta 20 grados m\u00e1s fr\u00edas, nuestras bandas duran m\u00e1s que las bandas OEM. La construcci\u00f3n de compuesto de caucho de alta resistencia y el dise\u00f1o c\u00f3nico de corte proporcionan un borde m\u00e1s consistente y una vida \u00fatil m\u00e1s larga de [&hellip;]<\/p>\n","protected":false},"featured_media":141645,"comment_status":"open","ping_status":"closed","template":"","meta":[],"product_cat":[862],"product_tag":[1565],"class_list":{"0":"post-141646","1":"product","2":"type-product","3":"status-publish","4":"has-post-thumbnail","6":"product_cat-bandas-de-traccion","7":"product_tag-all-balls","8":"pa_ano-934","9":"pa_ano-935","10":"pa_ano-942","11":"pa_ano-943","12":"pa_ano-944","13":"pa_ano-945","14":"pa_ano-950","15":"pa_ano-951","16":"pa_ano-952","17":"pa_marca-can-am","18":"pa_modelo-defender-1000","19":"pa_modelo-defender-1000-dps","20":"pa_modelo-defender-1000-dps-6x6","21":"pa_modelo-defender-1000-ltd-cab","22":"pa_modelo-defender-1000-ltd-cab-6x6","23":"pa_modelo-defender-1000-pro-dps","24":"pa_modelo-defender-1000-pro-lone-star","25":"pa_modelo-defender-1000-pro-ltd","26":"pa_modelo-defender-1000-pro-ltd-cab","27":"pa_modelo-defender-1000-pro-xt","28":"pa_modelo-defender-1000-xmr","29":"pa_modelo-defender-1000-xt","30":"pa_modelo-defender-1000-xt-6x6","31":"pa_modelo-defender-1000-xtp","32":"pa_modelo-defender-800","33":"pa_modelo-defender-800-dps","34":"pa_modelo-defender-800-xt","35":"pa_modelo-defender-max-1000","36":"pa_modelo-defender-max-1000-dps","37":"pa_modelo-defender-max-1000-lone-star","38":"pa_modelo-defender-max-1000-lone-star-cab","39":"pa_modelo-defender-max-1000-ltd","40":"pa_modelo-defender-max-1000-ltd-cab","41":"pa_modelo-defender-max-1000-xmr","42":"pa_modelo-defender-max-1000-xt","43":"pa_modelo-defender-max-800-dps","44":"pa_modelo-defender-max-800-xt","45":"pa_modelo-maverick-1000-trail","46":"pa_modelo-maverick-sport-1000","47":"pa_modelo-maverick-sport-1000-dps","48":"pa_modelo-maverick-sport-1000r-dps","49":"pa_modelo-maverick-sport-1000r-xmr","50":"pa_modelo-maverick-sport-1000r-xrc","51":"pa_modelo-maverick-sport-1000r-xxc","52":"pa_modelo-maverick-sport-max-1000r-dps","53":"pa_modelo-maverick-trail-1000-dps","54":"pa_modelo-maverick-trail-800r","55":"pa_modelo-maverick-trail-800r-dps","56":"pa_modelo-maverick-x3-900cc","57":"pa_modelo-maverick-x3-ho-900cc","58":"pa_modelo-maverick-x3-max-turbo-900cc","59":"pa_modelo-maverick-x3-max-turbo-ds-900cc","60":"pa_modelo-maverick-x3-max-turbo-r-900cc","61":"pa_modelo-maverick-x3-max-turbo-r-rs-900cc","62":"pa_modelo-maverick-x3-max-turbo-r-xds-900cc","63":"pa_modelo-maverick-x3-max-turbo-r-xrs-900cc","64":"pa_modelo-maverick-x3-max-turbo-rr-ds-900cc","65":"pa_modelo-maverick-x3-max-turbo-rr-rs-900cc","66":"pa_modelo-maverick-x3-max-turbo-rr-xds-900cc","67":"pa_modelo-maverick-x3-max-turbo-rr-xmr-900cc","68":"pa_modelo-maverick-x3-max-turbo-rr-xrs-900cc","69":"pa_modelo-maverick-x3-max-turbo-rs-900cc","70":"pa_modelo-maverick-x3-turbo-900cc","71":"pa_modelo-maverick-x3-turbo-ds-900cc","72":"pa_modelo-maverick-x3-turbo-r-900cc","73":"pa_modelo-maverick-x3-turbo-r-ds-900cc","74":"pa_tipo-de-vehiculo-utv","76":"first","77":"instock","78":"shipping-taxable","79":"purchasable","80":"product-type-variable"},"_links":{"self":[{"href":"https:\/\/teammototec.com\/test\/wp-json\/wp\/v2\/product\/141646","targetHints":{"allow":["GET"]}}],"collection":[{"href":"https:\/\/teammototec.com\/test\/wp-json\/wp\/v2\/product"}],"about":[{"href":"https:\/\/teammototec.com\/test\/wp-json\/wp\/v2\/types\/product"}],"replies":[{"embeddable":true,"href":"https:\/\/teammototec.com\/test\/wp-json\/wp\/v2\/comments?post=141646"}],"wp:featuredmedia":[{"embeddable":true,"href":"https:\/\/teammototec.com\/test\/wp-json\/wp\/v2\/media\/141645"}],"wp:attachment":[{"href":"https:\/\/teammototec.com\/test\/wp-json\/wp\/v2\/media?parent=141646"}],"wp:term":[{"taxonomy":"product_cat","embeddable":true,"href":"https:\/\/teammototec.com\/test\/wp-json\/wp\/v2\/product_cat?post=141646"},{"taxonomy":"product_tag","embeddable":true,"href":"https:\/\/teammototec.com\/test\/wp-json\/wp\/v2\/product_tag?post=141646"}],"curies":[{"name":"wp","href":"https:\/\/api.w.org\/{rel}","templated":true}]}}