{"id":131599,"date":"2024-11-19T22:49:23","date_gmt":"2024-11-19T22:49:23","guid":{"rendered":"http:\/\/teammototec.com\/test\/producto\/kit-de-piston-vertex-23640c-104-980mmbig-bore\/"},"modified":"2024-11-19T22:50:37","modified_gmt":"2024-11-19T22:50:37","slug":"kit-de-piston-vertex-23640c-104-980mmbig-bore","status":"publish","type":"product","link":"https:\/\/teammototec.com\/test\/producto\/kit-de-piston-vertex-23640c-104-980mmbig-bore\/","title":{"rendered":"KIT DE PIST\u00d3N VERTEX 23640C (104.980mm)(BIG BORE)"},"content":{"rendered":"<p>Compression Ratio 10.5:1<br \/>\nCylinder Diameter 105 mm<br \/>\nDisplacement 727 cc<br \/>\nPiston Diameter 104.980mm<br \/>\nSize Over Standard +3.00mm<\/p>\n<p>Como proveedor de pistones de equipo original para KTM y HUSQVARNA, los pistones Vertex se han hecho de una sobresaliente reputaci\u00f3n de calidad y desempe\u00f1o. Cada kit de pistones es creado \u00fanicamente con aluminio de alta calidad que permite utilizar un 12-21% de contenido de silic\u00f3n. El silic\u00f3n es cr\u00edtico para disminuir la expansi\u00f3n t\u00e9rmica, el control de dicha expansi\u00f3n significa que un pist\u00f3n Vertex puede soportar tolerancias m\u00e1s estrictas para mayor poder, menos ruido y mayor durabilidad del pist\u00f3n.<\/p>\n","protected":false},"excerpt":{"rendered":"<p>Compression Ratio 10.5:1 Cylinder Diameter 105 mm Displacement 727 cc Piston Diameter 104.980mm Size Over Standard +3.00mm Como proveedor de pistones de equipo original para KTM y HUSQVARNA, los pistones Vertex se han hecho de una sobresaliente reputaci\u00f3n de calidad y desempe\u00f1o. Cada kit de pistones es creado \u00fanicamente con aluminio de alta calidad que [&hellip;]<\/p>\n","protected":false},"featured_media":131598,"comment_status":"open","ping_status":"closed","template":"","meta":[],"product_cat":[837],"product_tag":[1578],"class_list":{"0":"post-131599","1":"product","2":"type-product","3":"status-publish","4":"has-post-thumbnail","6":"product_cat-kit-de-piston","7":"product_tag-vertex","8":"pa_ano-928","9":"pa_ano-929","10":"pa_marca-honda","11":"pa_modelo-trx-700-xx","12":"pa_tipo-de-vehiculo-atv","14":"first","15":"instock","16":"shipping-taxable","17":"purchasable","18":"product-type-variable"},"_links":{"self":[{"href":"https:\/\/teammototec.com\/test\/wp-json\/wp\/v2\/product\/131599","targetHints":{"allow":["GET"]}}],"collection":[{"href":"https:\/\/teammototec.com\/test\/wp-json\/wp\/v2\/product"}],"about":[{"href":"https:\/\/teammototec.com\/test\/wp-json\/wp\/v2\/types\/product"}],"replies":[{"embeddable":true,"href":"https:\/\/teammototec.com\/test\/wp-json\/wp\/v2\/comments?post=131599"}],"wp:featuredmedia":[{"embeddable":true,"href":"https:\/\/teammototec.com\/test\/wp-json\/wp\/v2\/media\/131598"}],"wp:attachment":[{"href":"https:\/\/teammototec.com\/test\/wp-json\/wp\/v2\/media?parent=131599"}],"wp:term":[{"taxonomy":"product_cat","embeddable":true,"href":"https:\/\/teammototec.com\/test\/wp-json\/wp\/v2\/product_cat?post=131599"},{"taxonomy":"product_tag","embeddable":true,"href":"https:\/\/teammototec.com\/test\/wp-json\/wp\/v2\/product_tag?post=131599"}],"curies":[{"name":"wp","href":"https:\/\/api.w.org\/{rel}","templated":true}]}}