{"id":110938,"date":"2024-09-25T22:24:11","date_gmt":"2024-09-25T22:24:11","guid":{"rendered":"http:\/\/teammototec.com\/test\/producto\/disco-de-freno-delantero-galfer-df298w-wave\/"},"modified":"2024-09-25T22:27:18","modified_gmt":"2024-09-25T22:27:18","slug":"disco-de-freno-delantero-galfer-df298w-wave","status":"publish","type":"product","link":"https:\/\/teammototec.com\/test\/producto\/disco-de-freno-delantero-galfer-df298w-wave\/","title":{"rendered":"DISCO DE FRENO DELANTERO GALFER DF298W WAVE"},"content":{"rendered":"<p>\u00d8 Ext: 270,00 mm<br \/>\n\u00d8 Int: 118,00 mm<br \/>\nCampana : 0,00 mm<br \/>\nEspesor: 3,00 mm<br \/>\nAnclajes n\u00ba: 6<br \/>\n\u00d8 entre anclajes: 134,00 mm<\/p>\n<p>Todos los discos tienen las siguientes cualidades y manufactura:<br \/>\n\u2022 Hechos de Alto Carb\u00f3n 420 SS \/ compuesto 8 \u00fanico de Galfer.<br \/>\n\u2022 Corte con l\u00e1ser (no estampado como la mayor\u00eda de los otros).<br \/>\n\u2022 Doble disco \u2013 compresi\u00f3n paralela para asegurar una perfecta posici\u00f3n paralela.<br \/>\n\u2022 Tratamiento con calor para cada aplicaci\u00f3n espec\u00edfica (para asegurar la resistencia a las deformaciones).<br \/>\nCada uno de nuestros dise\u00f1os son CAD-CAM y probados con un programa de an\u00e1lisis de presi\u00f3n, as\u00ed como con el dinam\u00f3metro \/ una prueba en la vida real se realiza antes de ofrecer nuestro producto al mercado.<\/p>\n","protected":false},"excerpt":{"rendered":"<p>\u00d8 Ext: 270,00 mm \u00d8 Int: 118,00 mm Campana : 0,00 mm Espesor: 3,00 mm Anclajes n\u00ba: 6 \u00d8 entre anclajes: 134,00 mm Todos los discos tienen las siguientes cualidades y manufactura: \u2022 Hechos de Alto Carb\u00f3n 420 SS \/ compuesto 8 \u00fanico de Galfer. \u2022 Corte con l\u00e1ser (no estampado como la mayor\u00eda de [&hellip;]<\/p>\n","protected":false},"featured_media":110937,"comment_status":"open","ping_status":"closed","template":"","meta":[],"product_cat":[832],"product_tag":[1569],"class_list":{"0":"post-110938","1":"product","2":"type-product","3":"status-publish","4":"has-post-thumbnail","6":"product_cat-discos-de-freno","7":"product_tag-galfer","8":"pa_ano-905","9":"pa_ano-906","10":"pa_ano-907","11":"pa_ano-908","12":"pa_ano-909","13":"pa_ano-910","14":"pa_ano-911","15":"pa_ano-912","16":"pa_ano-913","17":"pa_ano-914","18":"pa_ano-915","19":"pa_ano-916","20":"pa_ano-917","21":"pa_ano-918","22":"pa_ano-919","23":"pa_ano-920","24":"pa_ano-921","25":"pa_ano-922","26":"pa_ano-923","27":"pa_ano-924","28":"pa_ano-925","29":"pa_ano-926","30":"pa_ano-927","31":"pa_ano-928","32":"pa_ano-929","33":"pa_ano-930","34":"pa_ano-931","35":"pa_ano-895","36":"pa_ano-896","37":"pa_ano-932","38":"pa_ano-933","39":"pa_ano-934","40":"pa_ano-935","41":"pa_ano-942","42":"pa_ano-943","43":"pa_ano-944","44":"pa_ano-945","45":"pa_ano-950","46":"pa_ano-951","47":"pa_marca-suzuki","48":"pa_marca-yamaha","49":"pa_modelo-dr-350-se","50":"pa_modelo-dr-z-250","51":"pa_modelo-drz-400-e-s","52":"pa_modelo-drz-400-sm","53":"pa_modelo-rm-125","54":"pa_modelo-rm-250","55":"pa_modelo-rmx-250","56":"pa_modelo-wr-250-f","57":"pa_modelo-wr-450-f","58":"pa_modelo-yz-125","59":"pa_modelo-yz-125-x","60":"pa_modelo-yz-250","61":"pa_modelo-yz-250-f","62":"pa_modelo-yz-250-fx","63":"pa_modelo-yz-250-x","64":"pa_modelo-yz-450-f","65":"pa_modelo-yz-450-fx","66":"pa_tipo-de-vehiculo-dirt-bike","67":"pa_tipo-de-vehiculo-street-motorcycle","69":"first","70":"instock","71":"shipping-taxable","72":"purchasable","73":"product-type-variable"},"_links":{"self":[{"href":"https:\/\/teammototec.com\/test\/wp-json\/wp\/v2\/product\/110938","targetHints":{"allow":["GET"]}}],"collection":[{"href":"https:\/\/teammototec.com\/test\/wp-json\/wp\/v2\/product"}],"about":[{"href":"https:\/\/teammototec.com\/test\/wp-json\/wp\/v2\/types\/product"}],"replies":[{"embeddable":true,"href":"https:\/\/teammototec.com\/test\/wp-json\/wp\/v2\/comments?post=110938"}],"wp:featuredmedia":[{"embeddable":true,"href":"https:\/\/teammototec.com\/test\/wp-json\/wp\/v2\/media\/110937"}],"wp:attachment":[{"href":"https:\/\/teammototec.com\/test\/wp-json\/wp\/v2\/media?parent=110938"}],"wp:term":[{"taxonomy":"product_cat","embeddable":true,"href":"https:\/\/teammototec.com\/test\/wp-json\/wp\/v2\/product_cat?post=110938"},{"taxonomy":"product_tag","embeddable":true,"href":"https:\/\/teammototec.com\/test\/wp-json\/wp\/v2\/product_tag?post=110938"}],"curies":[{"name":"wp","href":"https:\/\/api.w.org\/{rel}","templated":true}]}}