{"id":105553,"date":"2024-09-10T00:15:20","date_gmt":"2024-09-10T00:15:20","guid":{"rendered":"http:\/\/teammototec.com\/test\/producto\/disco-de-freno-trasero-galfer-df496w-wave\/"},"modified":"2024-09-10T00:29:47","modified_gmt":"2024-09-10T00:29:47","slug":"disco-de-freno-trasero-galfer-df496w-wave","status":"publish","type":"product","link":"https:\/\/teammototec.com\/test\/producto\/disco-de-freno-trasero-galfer-df496w-wave\/","title":{"rendered":"DISCO DE FRENO TRASERO GALFER DF496W WAVE"},"content":{"rendered":"<p>\u00d8 Ext: 220,00 mm<br \/>\n\u00d8 Int: 105,00 mm<br \/>\nCampana : 0,00 mm<br \/>\nEspesor: 4,50 mm<br \/>\nAnclajes n\u00ba: 5<br \/>\n\u00d8 entre anclajes: 125,00 mm<\/p>\n<p>Todos los discos tienen las siguientes cualidades y manufactura:<br \/>\n\u2022 Hechos de Alto Carb\u00f3n 420 SS \/ compuesto 8 \u00fanico de Galfer.<br \/>\n\u2022 Corte con l\u00e1ser (no estampado como la mayor\u00eda de los otros).<br \/>\n\u2022 Doble disco \u2013 compresi\u00f3n paralela para asegurar una perfecta posici\u00f3n paralela.<br \/>\n\u2022 Tratamiento con calor para cada aplicaci\u00f3n espec\u00edfica (para asegurar la resistencia a las deformaciones).<br \/>\nCada uno de nuestros dise\u00f1os son CAD-CAM y probados con un programa de an\u00e1lisis de presi\u00f3n, as\u00ed como con el dinam\u00f3metro \/ una prueba en la vida real se realiza antes de ofrecer nuestro producto al mercado.<\/p>\n","protected":false},"excerpt":{"rendered":"<p>\u00d8 Ext: 220,00 mm \u00d8 Int: 105,00 mm Campana : 0,00 mm Espesor: 4,50 mm Anclajes n\u00ba: 5 \u00d8 entre anclajes: 125,00 mm Todos los discos tienen las siguientes cualidades y manufactura: \u2022 Hechos de Alto Carb\u00f3n 420 SS \/ compuesto 8 \u00fanico de Galfer. \u2022 Corte con l\u00e1ser (no estampado como la mayor\u00eda de [&hellip;]<\/p>\n","protected":false},"featured_media":105552,"comment_status":"open","ping_status":"closed","template":"","meta":[],"product_cat":[832],"product_tag":[1569],"class_list":{"0":"post-105553","1":"product","2":"type-product","3":"status-publish","4":"has-post-thumbnail","6":"product_cat-discos-de-freno","7":"product_tag-galfer","8":"pa_ano-923","9":"pa_ano-924","10":"pa_ano-925","11":"pa_ano-926","12":"pa_ano-927","13":"pa_ano-928","14":"pa_ano-929","15":"pa_ano-930","16":"pa_ano-931","17":"pa_ano-895","18":"pa_ano-896","19":"pa_ano-932","20":"pa_ano-933","21":"pa_ano-934","22":"pa_ano-935","23":"pa_ano-942","24":"pa_ano-943","25":"pa_ano-944","26":"pa_ano-945","27":"pa_ano-950","28":"pa_ano-951","29":"pa_marca-yamaha","30":"pa_modelo-fz-10","31":"pa_modelo-yzf-r1","32":"pa_modelo-yzf-r1m","33":"pa_modelo-yzf-r1s","34":"pa_modelo-yzf-r6","35":"pa_modelo-yzf-r6s","36":"pa_tipo-de-vehiculo-street-motorcycle","38":"first","39":"instock","40":"shipping-taxable","41":"purchasable","42":"product-type-variable"},"_links":{"self":[{"href":"https:\/\/teammototec.com\/test\/wp-json\/wp\/v2\/product\/105553","targetHints":{"allow":["GET"]}}],"collection":[{"href":"https:\/\/teammototec.com\/test\/wp-json\/wp\/v2\/product"}],"about":[{"href":"https:\/\/teammototec.com\/test\/wp-json\/wp\/v2\/types\/product"}],"replies":[{"embeddable":true,"href":"https:\/\/teammototec.com\/test\/wp-json\/wp\/v2\/comments?post=105553"}],"wp:featuredmedia":[{"embeddable":true,"href":"https:\/\/teammototec.com\/test\/wp-json\/wp\/v2\/media\/105552"}],"wp:attachment":[{"href":"https:\/\/teammototec.com\/test\/wp-json\/wp\/v2\/media?parent=105553"}],"wp:term":[{"taxonomy":"product_cat","embeddable":true,"href":"https:\/\/teammototec.com\/test\/wp-json\/wp\/v2\/product_cat?post=105553"},{"taxonomy":"product_tag","embeddable":true,"href":"https:\/\/teammototec.com\/test\/wp-json\/wp\/v2\/product_tag?post=105553"}],"curies":[{"name":"wp","href":"https:\/\/api.w.org\/{rel}","templated":true}]}}